{"id":22,"date":"2021-09-09T21:45:23","date_gmt":"2021-09-09T21:45:23","guid":{"rendered":"https:\/\/finavecapital.com\/?page_id=22"},"modified":"2021-10-14T21:11:11","modified_gmt":"2021-10-14T21:11:11","slug":"convenios","status":"publish","type":"page","link":"https:\/\/finavecapital.com\/index.php\/convenios\/","title":{"rendered":"Convenios"},"content":{"rendered":"\t\t<div data-elementor-type=\"wp-page\" data-elementor-id=\"22\" class=\"elementor elementor-22\">\n\t\t\t\t\t\t<div class=\"elementor-inner\">\n\t\t\t\t<div class=\"elementor-section-wrap\">\n\t\t\t\t\t\t\t\t\t<section class=\"elementor-section elementor-top-section elementor-element elementor-element-ebc6d07 elementor-section-boxed elementor-section-height-default elementor-section-height-default\" data-id=\"ebc6d07\" data-element_type=\"section\">\n\t\t\t\t\t\t<div class=\"elementor-container elementor-column-gap-default\">\n\t\t\t\t\t\t\t<div class=\"elementor-row\">\n\t\t\t\t\t<div class=\"elementor-column elementor-col-50 elementor-top-column elementor-element elementor-element-dbb9284\" data-id=\"dbb9284\" data-element_type=\"column\">\n\t\t\t<div class=\"elementor-column-wrap elementor-element-populated\">\n\t\t\t\t\t\t\t<div class=\"elementor-widget-wrap\">\n\t\t\t\t\t\t<div class=\"elementor-element elementor-element-abd8799 elementor-view-stacked elementor-shape-circle elementor-widget elementor-widget-icon\" data-id=\"abd8799\" data-element_type=\"widget\" data-settings=\"{&quot;ekit_we_effect_on&quot;:&quot;none&quot;}\" data-widget_type=\"icon.default\">\n\t\t\t\t<div class=\"elementor-widget-container\">\n\t\t\t\t\t<div class=\"elementor-icon-wrapper\">\n\t\t\t<div class=\"elementor-icon\">\n\t\t\t<i aria-hidden=\"true\" class=\"fas fa-handshake\"><\/i>\t\t\t<\/div>\n\t\t<\/div>\n\t\t\t\t<\/div>\n\t\t\t\t<\/div>\n\t\t\t\t<div class=\"elementor-element elementor-element-483b023 elementor-widget elementor-widget-heading\" data-id=\"483b023\" data-element_type=\"widget\" data-settings=\"{&quot;ekit_we_effect_on&quot;:&quot;none&quot;}\" data-widget_type=\"heading.default\">\n\t\t\t\t<div class=\"elementor-widget-container\">\n\t\t\t<h2 class=\"elementor-heading-title elementor-size-default\">Convenios<\/h2>\t\t<\/div>\n\t\t\t\t<\/div>\n\t\t\t\t<div class=\"elementor-element elementor-element-5f113ce elementor-widget elementor-widget-text-editor\" data-id=\"5f113ce\" data-element_type=\"widget\" data-settings=\"{&quot;ekit_we_effect_on&quot;:&quot;none&quot;}\" data-widget_type=\"text-editor.default\">\n\t\t\t\t<div class=\"elementor-widget-container\">\n\t\t\t\t\t\t\t\t<div class=\"elementor-text-editor elementor-clearfix\">\n\t\t\t\t<p>Finave Capital, cuenta con el apoyo de los principales fabricantes de tecnolog\u00eda a nivel nacional e internacional y con los cuales realizamos operaciones de consecuci\u00f3n de recursos con sus canales integradores, ofreci\u00e9ndole una variedad de opciones de financiaci\u00f3n a trav\u00e9s de nuestra red de socios estrat\u00e9gicos con recursos financieros para dar viabilidad a sus proyectos productivos. Nuestra red de aliados esta compuesta por la Banca Tradicional Colombiana, Compa\u00f1\u00edas de Renting, Consultoras Fintech y Compa\u00f1\u00edas especializadas en Factoring. A su vez, ampliando su ecosistema con Fondos de Inversion locales y Extranjeros.<\/p>\t\t\t\t\t<\/div>\n\t\t\t\t\t\t<\/div>\n\t\t\t\t<\/div>\n\t\t\t\t\t\t<\/div>\n\t\t\t\t\t<\/div>\n\t\t<\/div>\n\t\t\t\t<div class=\"elementor-column elementor-col-50 elementor-top-column elementor-element elementor-element-4122302\" data-id=\"4122302\" data-element_type=\"column\">\n\t\t\t<div class=\"elementor-column-wrap elementor-element-populated\">\n\t\t\t\t\t\t\t<div class=\"elementor-widget-wrap\">\n\t\t\t\t\t\t<div class=\"elementor-element elementor-element-4050327 elementor-view-stacked elementor-shape-circle elementor-widget elementor-widget-icon\" data-id=\"4050327\" data-element_type=\"widget\" data-settings=\"{&quot;ekit_we_effect_on&quot;:&quot;none&quot;}\" data-widget_type=\"icon.default\">\n\t\t\t\t<div class=\"elementor-widget-container\">\n\t\t\t\t\t<div class=\"elementor-icon-wrapper\">\n\t\t\t<div class=\"elementor-icon\">\n\t\t\t<i aria-hidden=\"true\" class=\"fas fa-users\"><\/i>\t\t\t<\/div>\n\t\t<\/div>\n\t\t\t\t<\/div>\n\t\t\t\t<\/div>\n\t\t\t\t<div class=\"elementor-element elementor-element-958deff elementor-widget elementor-widget-heading\" data-id=\"958deff\" data-element_type=\"widget\" data-settings=\"{&quot;ekit_we_effect_on&quot;:&quot;none&quot;}\" data-widget_type=\"heading.default\">\n\t\t\t\t<div class=\"elementor-widget-container\">\n\t\t\t<h2 class=\"elementor-heading-title elementor-size-default\">Partners asociados<\/h2>\t\t<\/div>\n\t\t\t\t<\/div>\n\t\t\t\t<div class=\"elementor-element elementor-element-7f82a6d elementor-widget elementor-widget-text-editor\" data-id=\"7f82a6d\" data-element_type=\"widget\" data-settings=\"{&quot;ekit_we_effect_on&quot;:&quot;none&quot;}\" data-widget_type=\"text-editor.default\">\n\t\t\t\t<div class=\"elementor-widget-container\">\n\t\t\t\t\t\t\t\t<div class=\"elementor-text-editor elementor-clearfix\">\n\t\t\t\t<p>Creemos que nuestra fuerza radica en la uni\u00f3n del conocimiento y el saber hacer de nuestros partners, es por esto que nos aliamos con Bancas de inversi\u00f3n y Consultoras financieras que cuentan con una amplia experiencia y trayectoria en la estructuraci\u00f3n, an\u00e1lisis, planeaci\u00f3n estrat\u00e9gica y consecuci\u00f3n de capital para financiar proyectos productivos.<\/p>\t\t\t\t\t<\/div>\n\t\t\t\t\t\t<\/div>\n\t\t\t\t<\/div>\n\t\t\t\t\t\t<\/div>\n\t\t\t\t\t<\/div>\n\t\t<\/div>\n\t\t\t\t\t\t\t\t<\/div>\n\t\t\t\t\t<\/div>\n\t\t<\/section>\n\t\t\t\t\t\t\t\t\t<\/div>\n\t\t\t<\/div>\n\t\t\t\t\t<\/div>\n\t\t","protected":false},"excerpt":{"rendered":"<p>Convenios Finave Capital, cuenta con el apoyo de los principales fabricantes de tecnolog\u00eda a nivel nacional e internacional y con los cuales realizamos operaciones de consecuci\u00f3n de recursos con sus canales integradores, ofreci\u00e9ndole una variedad de opciones de financiaci\u00f3n a trav\u00e9s de nuestra red de socios estrat\u00e9gicos con recursos financieros para dar viabilidad a sus &hellip;<\/p>\n<p class=\"read-more\"> <a class=\"\" href=\"https:\/\/finavecapital.com\/index.php\/convenios\/\"> <span class=\"screen-reader-text\">Convenios<\/span> Leer m\u00e1s &raquo;<\/a><\/p>\n","protected":false},"author":1,"featured_media":0,"parent":0,"menu_order":0,"comment_status":"closed","ping_status":"closed","template":"","meta":{"_joinchat":[],"footnotes":""},"class_list":["post-22","page","type-page","status-publish","hentry"],"_links":{"self":[{"href":"https:\/\/finavecapital.com\/index.php\/wp-json\/wp\/v2\/pages\/22","targetHints":{"allow":["GET"]}}],"collection":[{"href":"https:\/\/finavecapital.com\/index.php\/wp-json\/wp\/v2\/pages"}],"about":[{"href":"https:\/\/finavecapital.com\/index.php\/wp-json\/wp\/v2\/types\/page"}],"author":[{"embeddable":true,"href":"https:\/\/finavecapital.com\/index.php\/wp-json\/wp\/v2\/users\/1"}],"replies":[{"embeddable":true,"href":"https:\/\/finavecapital.com\/index.php\/wp-json\/wp\/v2\/comments?post=22"}],"version-history":[{"count":13,"href":"https:\/\/finavecapital.com\/index.php\/wp-json\/wp\/v2\/pages\/22\/revisions"}],"predecessor-version":[{"id":376,"href":"https:\/\/finavecapital.com\/index.php\/wp-json\/wp\/v2\/pages\/22\/revisions\/376"}],"wp:attachment":[{"href":"https:\/\/finavecapital.com\/index.php\/wp-json\/wp\/v2\/media?parent=22"}],"curies":[{"name":"wp","href":"https:\/\/api.w.org\/{rel}","templated":true}]}}